{"id":23721,"date":"2026-03-18T12:51:48","date_gmt":"2026-03-18T11:51:48","guid":{"rendered":"https:\/\/pfold.tasklogy.sk\/?page_id=23721"},"modified":"2026-03-18T12:51:53","modified_gmt":"2026-03-18T11:51:53","slug":"archiv","status":"publish","type":"page","link":"https:\/\/pfold.tasklogy.sk\/sk\/archiv\/","title":{"rendered":"Arch\u00edv"},"content":{"rendered":"\t\t<div data-elementor-type=\"wp-page\" data-elementor-id=\"23721\" class=\"elementor elementor-23721\" data-elementor-post-type=\"page\">\n\t\t\t\t<div class=\"elementor-element elementor-element-dd88f8f e-flex e-con-boxed wpr-particle-no wpr-jarallax-no wpr-parallax-no e-con e-parent\" data-id=\"dd88f8f\" data-element_type=\"container\" data-e-type=\"container\" data-settings=\"{&quot;background_background&quot;:&quot;classic&quot;}\">\n\t\t\t\t\t<div class=\"e-con-inner\">\n\t\t<div class=\"elementor-element elementor-element-da88b93 e-con-full e-flex wpr-particle-no wpr-jarallax-no wpr-parallax-no e-con e-child\" data-id=\"da88b93\" data-element_type=\"container\" data-e-type=\"container\">\n\t\t<div class=\"elementor-element elementor-element-8ffd6d2 e-con-full e-flex wpr-particle-no wpr-jarallax-no wpr-parallax-no e-con e-child\" data-id=\"8ffd6d2\" data-element_type=\"container\" data-e-type=\"container\">\n\t\t\t\t<div class=\"elementor-element elementor-element-74734e8 elementor-widget elementor-widget-heading\" data-id=\"74734e8\" data-element_type=\"widget\" data-e-type=\"widget\" data-widget_type=\"heading.default\">\n\t\t\t\t\t<h1 class=\"elementor-heading-title elementor-size-default\">Arch\u00edv<\/h1>\t\t\t\t<\/div>\n\t\t\t\t<div class=\"elementor-element elementor-element-0892ebc elementor-widget elementor-widget-text-editor\" data-id=\"0892ebc\" data-element_type=\"widget\" data-e-type=\"widget\" data-widget_type=\"text-editor.default\">\n\t\t\t\t\t\t\t\t\t<p>Na tejto str\u00e1nke n\u00e1jdete v\u0161etky historick\u00e9 verzie Factsheetov Penta Fund.<\/p>\t\t\t\t\t\t\t\t<\/div>\n\t\t\t\t<div class=\"elementor-element elementor-element-fc2ae2c elementor-widget elementor-widget-spacer\" data-id=\"fc2ae2c\" data-element_type=\"widget\" data-e-type=\"widget\" data-widget_type=\"spacer.default\">\n\t\t\t\t\t\t\t<div class=\"elementor-spacer\">\n\t\t\t<div class=\"elementor-spacer-inner\"><\/div>\n\t\t<\/div>\n\t\t\t\t\t\t<\/div>\n\t\t\t\t<div class=\"elementor-element elementor-element-c038ec5 elementor-widget__width-inherit elementor-widget elementor-widget-shortcode\" data-id=\"c038ec5\" data-element_type=\"widget\" data-e-type=\"widget\" data-widget_type=\"shortcode.default\">\n\t\t\t\t\t\t\t<div class=\"elementor-shortcode\">\t<div class=\"rb-modules\">\n\t\t<div class=\"rb-doc-archive\">\n\t\t\t\t\t\t\t<div class=\"rb-doc-group\">\n\t\t\t\t\t<h3 class=\"rb-doc-group__title\">Penta Equity Fund FACTSHEET<\/h3>\n\t\t\t\t\t<div class=\"rb-doc-group__year-label\">2026<\/div>\n\t\t\t\t\t<div class=\"rb-doc-group__current\">\n\t\t\t\t\t\t<a href=\"https:\/\/pfold.tasklogy.sk\/wp-content\/uploads\/FACTSHEET_Penta-Equity-Fund_SK.pdf\" target=\"_blank\" class=\"rb-doc-link rb-doc-link--current\">\n\t\t\t\t\t\t\t<span class=\"rb-doc-link__label\">Aktu\u00e1lna verzia<\/span>\n\t\t\t\t\t\t\t<span class=\"rb-doc-link__download\">Stiahnu\u0165<\/span>\n\t\t\t\t\t\t<\/a>\n\t\t\t\t\t<\/div>\n\t\t\t\t\t\t\t\t\t\t\t<div class=\"rb-doc-group__versions\">\n\t\t\t\t\t\t\t\t\t\t\t\t\t\t\t<div class=\"rb-doc-group__version\">\n\t\t\t\t\t\t\t\t\t<a href=\"https:\/\/pfold.tasklogy.sk\/wp-content\/uploads\/01-26_SK_Factsheet_PE_ABCDI.pdf\" target=\"_blank\" class=\"rb-doc-link\">\n\t\t\t\t\t\t\t\t\t\t<span class=\"rb-doc-link__date\">31.01.2026<\/span>\n\t\t\t\t\t\t\t\t\t\t<span class=\"rb-doc-link__download\">Stiahnu\u0165<\/span>\n\t\t\t\t\t\t\t\t\t<\/a>\n\t\t\t\t\t\t\t\t<\/div>\n\t\t\t\t\t\t\t\t\t\t\t\t\t<\/div>\n\t\t\t\t\t\t\t\t\t\t\t\t\t\t\t\t\t\t\t\t\t\t\t\t\t\t\t\t<div class=\"rb-doc-group__year-label\">2025<\/div>\n\t\t\t\t\t\t<div class=\"rb-doc-group__versions\">\n\t\t\t\t\t\t\t\t\t\t\t\t\t\t\t<div class=\"rb-doc-group__version\">\n\t\t\t\t\t\t\t\t\t<a href=\"https:\/\/pfold.tasklogy.sk\/wp-content\/uploads\/31_12-25-20251231_SK_Factsheet_PE_ABCDI.pdf\" target=\"_blank\" class=\"rb-doc-link\">\n\t\t\t\t\t\t\t\t\t\t<span class=\"rb-doc-link__date\">31.12.2025<\/span>\n\t\t\t\t\t\t\t\t\t\t<span class=\"rb-doc-link__download\">Stiahnu\u0165<\/span>\n\t\t\t\t\t\t\t\t\t<\/a>\n\t\t\t\t\t\t\t\t<\/div>\n\t\t\t\t\t\t\t\t\t\t\t\t\t\t\t<div class=\"rb-doc-group__version\">\n\t\t\t\t\t\t\t\t\t<a href=\"https:\/\/pfold.tasklogy.sk\/wp-content\/uploads\/30-11-25-20251130_SK_Factsheet_PE_ABCDI.pdf\" target=\"_blank\" class=\"rb-doc-link\">\n\t\t\t\t\t\t\t\t\t\t<span class=\"rb-doc-link__date\">30.11.2025<\/span>\n\t\t\t\t\t\t\t\t\t\t<span class=\"rb-doc-link__download\">Stiahnu\u0165<\/span>\n\t\t\t\t\t\t\t\t\t<\/a>\n\t\t\t\t\t\t\t\t<\/div>\n\t\t\t\t\t\t\t\t\t\t\t\t\t\t\t<div class=\"rb-doc-group__version\">\n\t\t\t\t\t\t\t\t\t<a href=\"https:\/\/pfold.tasklogy.sk\/wp-content\/uploads\/31-10-25-20251031_SK_Factsheet_PE_ABCDI.pdf\" target=\"_blank\" class=\"rb-doc-link\">\n\t\t\t\t\t\t\t\t\t\t<span class=\"rb-doc-link__date\">31.10.2025<\/span>\n\t\t\t\t\t\t\t\t\t\t<span class=\"rb-doc-link__download\">Stiahnu\u0165<\/span>\n\t\t\t\t\t\t\t\t\t<\/a>\n\t\t\t\t\t\t\t\t<\/div>\n\t\t\t\t\t\t\t\t\t\t\t\t\t\t\t<div class=\"rb-doc-group__version\">\n\t\t\t\t\t\t\t\t\t<a href=\"https:\/\/pfold.tasklogy.sk\/wp-content\/uploads\/30-09-25-20250930_SK_Factsheet_PE_ABCDI.pdf\" target=\"_blank\" class=\"rb-doc-link\">\n\t\t\t\t\t\t\t\t\t\t<span class=\"rb-doc-link__date\">30.09.2025<\/span>\n\t\t\t\t\t\t\t\t\t\t<span class=\"rb-doc-link__download\">Stiahnu\u0165<\/span>\n\t\t\t\t\t\t\t\t\t<\/a>\n\t\t\t\t\t\t\t\t<\/div>\n\t\t\t\t\t\t\t\t\t\t\t\t\t\t\t<div class=\"rb-doc-group__version\">\n\t\t\t\t\t\t\t\t\t<a href=\"https:\/\/pfold.tasklogy.sk\/wp-content\/uploads\/31-08-25-20250831_SK_Factsheet_PE_ABCDI.pdf\" target=\"_blank\" class=\"rb-doc-link\">\n\t\t\t\t\t\t\t\t\t\t<span class=\"rb-doc-link__date\">31.08.2025<\/span>\n\t\t\t\t\t\t\t\t\t\t<span class=\"rb-doc-link__download\">Stiahnu\u0165<\/span>\n\t\t\t\t\t\t\t\t\t<\/a>\n\t\t\t\t\t\t\t\t<\/div>\n\t\t\t\t\t\t\t\t\t\t\t\t\t\t\t<div class=\"rb-doc-group__version\">\n\t\t\t\t\t\t\t\t\t<a href=\"https:\/\/pfold.tasklogy.sk\/wp-content\/uploads\/31-07-25-20250731_SK_Factsheet_PE_ABCDI.pdf\" target=\"_blank\" class=\"rb-doc-link\">\n\t\t\t\t\t\t\t\t\t\t<span class=\"rb-doc-link__date\">31.07.2025<\/span>\n\t\t\t\t\t\t\t\t\t\t<span class=\"rb-doc-link__download\">Stiahnu\u0165<\/span>\n\t\t\t\t\t\t\t\t\t<\/a>\n\t\t\t\t\t\t\t\t<\/div>\n\t\t\t\t\t\t\t\t\t\t\t\t\t\t\t<div class=\"rb-doc-group__version\">\n\t\t\t\t\t\t\t\t\t<a href=\"https:\/\/pfold.tasklogy.sk\/wp-content\/uploads\/30-06-25-20250630_SK_Factsheet_PE_ABCDI.pdf\" target=\"_blank\" class=\"rb-doc-link\">\n\t\t\t\t\t\t\t\t\t\t<span class=\"rb-doc-link__date\">30.06.2025<\/span>\n\t\t\t\t\t\t\t\t\t\t<span class=\"rb-doc-link__download\">Stiahnu\u0165<\/span>\n\t\t\t\t\t\t\t\t\t<\/a>\n\t\t\t\t\t\t\t\t<\/div>\n\t\t\t\t\t\t\t\t\t\t\t\t\t\t\t<div class=\"rb-doc-group__version\">\n\t\t\t\t\t\t\t\t\t<a href=\"https:\/\/pfold.tasklogy.sk\/wp-content\/uploads\/31-05-25-20250531_SK_Factsheet_PE_ABCDI.pdf\" target=\"_blank\" class=\"rb-doc-link\">\n\t\t\t\t\t\t\t\t\t\t<span class=\"rb-doc-link__date\">31.05.2025<\/span>\n\t\t\t\t\t\t\t\t\t\t<span class=\"rb-doc-link__download\">Stiahnu\u0165<\/span>\n\t\t\t\t\t\t\t\t\t<\/a>\n\t\t\t\t\t\t\t\t<\/div>\n\t\t\t\t\t\t\t\t\t\t\t\t\t\t\t<div class=\"rb-doc-group__version\">\n\t\t\t\t\t\t\t\t\t<a href=\"https:\/\/pfold.tasklogy.sk\/wp-content\/uploads\/30-04-25-20250430_SK_Factsheet_PE_ABCDI.pdf\" target=\"_blank\" class=\"rb-doc-link\">\n\t\t\t\t\t\t\t\t\t\t<span class=\"rb-doc-link__date\">30.04.2025<\/span>\n\t\t\t\t\t\t\t\t\t\t<span class=\"rb-doc-link__download\">Stiahnu\u0165<\/span>\n\t\t\t\t\t\t\t\t\t<\/a>\n\t\t\t\t\t\t\t\t<\/div>\n\t\t\t\t\t\t\t\t\t\t\t\t\t\t\t<div class=\"rb-doc-group__version\">\n\t\t\t\t\t\t\t\t\t<a href=\"https:\/\/pfold.tasklogy.sk\/wp-content\/uploads\/31-03-25-20250331_SK_Factsheet_PE_ABCDI.pdf\" target=\"_blank\" class=\"rb-doc-link\">\n\t\t\t\t\t\t\t\t\t\t<span class=\"rb-doc-link__date\">31.03.2025<\/span>\n\t\t\t\t\t\t\t\t\t\t<span class=\"rb-doc-link__download\">Stiahnu\u0165<\/span>\n\t\t\t\t\t\t\t\t\t<\/a>\n\t\t\t\t\t\t\t\t<\/div>\n\t\t\t\t\t\t\t\t\t\t\t\t\t<\/div>\n\t\t\t\t\t\t\t\t\t<\/div>\n\t\t\t\t\t\t\t<div class=\"rb-doc-group\">\n\t\t\t\t\t<h3 class=\"rb-doc-group__title\">Penta Real Estate Fund FACTSHEET<\/h3>\n\t\t\t\t\t<div class=\"rb-doc-group__year-label\">2026<\/div>\n\t\t\t\t\t<div class=\"rb-doc-group__current\">\n\t\t\t\t\t\t<a href=\"https:\/\/pfold.tasklogy.sk\/wp-content\/uploads\/FACTSHEET_Penta-Real-Estate-Fund_SK.pdf\" target=\"_blank\" class=\"rb-doc-link rb-doc-link--current\">\n\t\t\t\t\t\t\t<span class=\"rb-doc-link__label\">Aktu\u00e1lna verzia<\/span>\n\t\t\t\t\t\t\t<span class=\"rb-doc-link__download\">Stiahnu\u0165<\/span>\n\t\t\t\t\t\t<\/a>\n\t\t\t\t\t<\/div>\n\t\t\t\t\t\t\t\t\t\t\t<div class=\"rb-doc-group__versions\">\n\t\t\t\t\t\t\t\t\t\t\t\t\t\t\t<div class=\"rb-doc-group__version\">\n\t\t\t\t\t\t\t\t\t<a href=\"https:\/\/pfold.tasklogy.sk\/wp-content\/uploads\/01-26_SK_Factsheet_RE_ABCDI.pdf\" target=\"_blank\" class=\"rb-doc-link\">\n\t\t\t\t\t\t\t\t\t\t<span class=\"rb-doc-link__date\">31.01.2026<\/span>\n\t\t\t\t\t\t\t\t\t\t<span class=\"rb-doc-link__download\">Stiahnu\u0165<\/span>\n\t\t\t\t\t\t\t\t\t<\/a>\n\t\t\t\t\t\t\t\t<\/div>\n\t\t\t\t\t\t\t\t\t\t\t\t\t<\/div>\n\t\t\t\t\t\t\t\t\t\t\t\t\t\t\t\t\t\t\t\t\t\t\t\t\t\t\t\t<div class=\"rb-doc-group__year-label\">2025<\/div>\n\t\t\t\t\t\t<div class=\"rb-doc-group__versions\">\n\t\t\t\t\t\t\t\t\t\t\t\t\t\t\t<div class=\"rb-doc-group__version\">\n\t\t\t\t\t\t\t\t\t<a href=\"https:\/\/pfold.tasklogy.sk\/wp-content\/uploads\/31-12-25-20251231_SK_Factsheet_RE_ABCDI.pdf\" target=\"_blank\" class=\"rb-doc-link\">\n\t\t\t\t\t\t\t\t\t\t<span class=\"rb-doc-link__date\">31.12.2025<\/span>\n\t\t\t\t\t\t\t\t\t\t<span class=\"rb-doc-link__download\">Stiahnu\u0165<\/span>\n\t\t\t\t\t\t\t\t\t<\/a>\n\t\t\t\t\t\t\t\t<\/div>\n\t\t\t\t\t\t\t\t\t\t\t\t\t\t\t<div class=\"rb-doc-group__version\">\n\t\t\t\t\t\t\t\t\t<a href=\"https:\/\/pfold.tasklogy.sk\/wp-content\/uploads\/30-11-25-20251130_SK_Factsheet_RE_ABCDI.pdf\" target=\"_blank\" class=\"rb-doc-link\">\n\t\t\t\t\t\t\t\t\t\t<span class=\"rb-doc-link__date\">30.11.2025<\/span>\n\t\t\t\t\t\t\t\t\t\t<span class=\"rb-doc-link__download\">Stiahnu\u0165<\/span>\n\t\t\t\t\t\t\t\t\t<\/a>\n\t\t\t\t\t\t\t\t<\/div>\n\t\t\t\t\t\t\t\t\t\t\t\t\t\t\t<div class=\"rb-doc-group__version\">\n\t\t\t\t\t\t\t\t\t<a href=\"https:\/\/pfold.tasklogy.sk\/wp-content\/uploads\/31-10-25-20251031_SK_Factsheet_RE_ABCDI.pdf\" target=\"_blank\" class=\"rb-doc-link\">\n\t\t\t\t\t\t\t\t\t\t<span class=\"rb-doc-link__date\">31.10.2025<\/span>\n\t\t\t\t\t\t\t\t\t\t<span class=\"rb-doc-link__download\">Stiahnu\u0165<\/span>\n\t\t\t\t\t\t\t\t\t<\/a>\n\t\t\t\t\t\t\t\t<\/div>\n\t\t\t\t\t\t\t\t\t\t\t\t\t\t\t<div class=\"rb-doc-group__version\">\n\t\t\t\t\t\t\t\t\t<a href=\"https:\/\/pfold.tasklogy.sk\/wp-content\/uploads\/30-09-25-20250930_SK_Factsheet_RE_ABCDI.pdf\" target=\"_blank\" class=\"rb-doc-link\">\n\t\t\t\t\t\t\t\t\t\t<span class=\"rb-doc-link__date\">30.09.2025<\/span>\n\t\t\t\t\t\t\t\t\t\t<span class=\"rb-doc-link__download\">Stiahnu\u0165<\/span>\n\t\t\t\t\t\t\t\t\t<\/a>\n\t\t\t\t\t\t\t\t<\/div>\n\t\t\t\t\t\t\t\t\t\t\t\t\t\t\t<div class=\"rb-doc-group__version\">\n\t\t\t\t\t\t\t\t\t<a href=\"https:\/\/pfold.tasklogy.sk\/wp-content\/uploads\/31-08-25-20250831_SK_Factsheet_RE_ABCDI.pdf\" target=\"_blank\" class=\"rb-doc-link\">\n\t\t\t\t\t\t\t\t\t\t<span class=\"rb-doc-link__date\">31.08.2025<\/span>\n\t\t\t\t\t\t\t\t\t\t<span class=\"rb-doc-link__download\">Stiahnu\u0165<\/span>\n\t\t\t\t\t\t\t\t\t<\/a>\n\t\t\t\t\t\t\t\t<\/div>\n\t\t\t\t\t\t\t\t\t\t\t\t\t\t\t<div class=\"rb-doc-group__version\">\n\t\t\t\t\t\t\t\t\t<a href=\"https:\/\/pfold.tasklogy.sk\/wp-content\/uploads\/31-07-25-20250731_SK_Factsheet_RE_ABCDI.pdf\" target=\"_blank\" class=\"rb-doc-link\">\n\t\t\t\t\t\t\t\t\t\t<span class=\"rb-doc-link__date\">31.07.2025<\/span>\n\t\t\t\t\t\t\t\t\t\t<span class=\"rb-doc-link__download\">Stiahnu\u0165<\/span>\n\t\t\t\t\t\t\t\t\t<\/a>\n\t\t\t\t\t\t\t\t<\/div>\n\t\t\t\t\t\t\t\t\t\t\t\t\t\t\t<div class=\"rb-doc-group__version\">\n\t\t\t\t\t\t\t\t\t<a href=\"https:\/\/pfold.tasklogy.sk\/wp-content\/uploads\/30-06-25-20250630_SK_Factsheet_RE_ABCDI.pdf\" target=\"_blank\" class=\"rb-doc-link\">\n\t\t\t\t\t\t\t\t\t\t<span class=\"rb-doc-link__date\">30.06.2025<\/span>\n\t\t\t\t\t\t\t\t\t\t<span class=\"rb-doc-link__download\">Stiahnu\u0165<\/span>\n\t\t\t\t\t\t\t\t\t<\/a>\n\t\t\t\t\t\t\t\t<\/div>\n\t\t\t\t\t\t\t\t\t\t\t\t\t\t\t<div class=\"rb-doc-group__version\">\n\t\t\t\t\t\t\t\t\t<a href=\"https:\/\/pfold.tasklogy.sk\/wp-content\/uploads\/31-05-25-20250531_SK_Factsheet_RE_ABCDI.pdf\" target=\"_blank\" class=\"rb-doc-link\">\n\t\t\t\t\t\t\t\t\t\t<span class=\"rb-doc-link__date\">31.05.2025<\/span>\n\t\t\t\t\t\t\t\t\t\t<span class=\"rb-doc-link__download\">Stiahnu\u0165<\/span>\n\t\t\t\t\t\t\t\t\t<\/a>\n\t\t\t\t\t\t\t\t<\/div>\n\t\t\t\t\t\t\t\t\t\t\t\t\t\t\t<div class=\"rb-doc-group__version\">\n\t\t\t\t\t\t\t\t\t<a href=\"https:\/\/pfold.tasklogy.sk\/wp-content\/uploads\/30-04-25-20250430_SK_Factsheet_RE_ABCDI.pdf\" target=\"_blank\" class=\"rb-doc-link\">\n\t\t\t\t\t\t\t\t\t\t<span class=\"rb-doc-link__date\">30.04.2025<\/span>\n\t\t\t\t\t\t\t\t\t\t<span class=\"rb-doc-link__download\">Stiahnu\u0165<\/span>\n\t\t\t\t\t\t\t\t\t<\/a>\n\t\t\t\t\t\t\t\t<\/div>\n\t\t\t\t\t\t\t\t\t\t\t\t\t\t\t<div class=\"rb-doc-group__version\">\n\t\t\t\t\t\t\t\t\t<a href=\"https:\/\/pfold.tasklogy.sk\/wp-content\/uploads\/31-03-25-20250331_SK_Factsheet_RE_ABCDI.pdf\" target=\"_blank\" class=\"rb-doc-link\">\n\t\t\t\t\t\t\t\t\t\t<span class=\"rb-doc-link__date\">31.03.2025<\/span>\n\t\t\t\t\t\t\t\t\t\t<span class=\"rb-doc-link__download\">Stiahnu\u0165<\/span>\n\t\t\t\t\t\t\t\t\t<\/a>\n\t\t\t\t\t\t\t\t<\/div>\n\t\t\t\t\t\t\t\t\t\t\t\t\t<\/div>\n\t\t\t\t\t\t\t\t\t<\/div>\n\t\t\t\t\t<\/div>\n\t<\/div>\n\t<\/div>\n\t\t\t\t\t\t<\/div>\n\t\t\t\t<\/div>\n\t\t\t\t<\/div>\n\t\t\t\t\t<\/div>\n\t\t\t\t<\/div>\n\t\t\t\t<\/div>\n\t\t","protected":false},"excerpt":{"rendered":"<p>Arch\u00edv Na tejto str\u00e1nke n\u00e1jdete v\u0161etky historick\u00e9 verzie Factsheetov Penta Fund.<\/p>\n","protected":false},"author":5,"featured_media":0,"parent":0,"menu_order":0,"comment_status":"closed","ping_status":"closed","template":"","meta":{"_acf_changed":false,"site-sidebar-layout":"no-sidebar","site-content-layout":"","ast-site-content-layout":"full-width-container","site-content-style":"default","site-sidebar-style":"default","ast-global-header-display":"","ast-banner-title-visibility":"","ast-main-header-display":"","ast-hfb-above-header-display":"","ast-hfb-below-header-display":"","ast-hfb-mobile-header-display":"","site-post-title":"","ast-breadcrumbs-content":"","ast-featured-img":"disabled","footer-sml-layout":"","ast-disable-related-posts":"","theme-transparent-header-meta":"","adv-header-id-meta":"","stick-header-meta":"","header-above-stick-meta":"","header-main-stick-meta":"","header-below-stick-meta":"","astra-migrate-meta-layouts":"default","ast-page-background-enabled":"default","ast-page-background-meta":{"desktop":{"background-color":"var(--ast-global-color-5)","background-image":"","background-repeat":"repeat","background-position":"center center","background-size":"auto","background-attachment":"scroll","background-type":"","background-media":"","overlay-type":"","overlay-color":"","overlay-opacity":"","overlay-gradient":""},"tablet":{"background-color":"","background-image":"","background-repeat":"repeat","background-position":"center center","background-size":"auto","background-attachment":"scroll","background-type":"","background-media":"","overlay-type":"","overlay-color":"","overlay-opacity":"","overlay-gradient":""},"mobile":{"background-color":"","background-image":"","background-repeat":"repeat","background-position":"center center","background-size":"auto","background-attachment":"scroll","background-type":"","background-media":"","overlay-type":"","overlay-color":"","overlay-opacity":"","overlay-gradient":""}},"ast-content-background-meta":{"desktop":{"background-color":"var(--ast-global-color-4)","background-image":"","background-repeat":"repeat","background-position":"center center","background-size":"auto","background-attachment":"scroll","background-type":"","background-media":"","overlay-type":"","overlay-color":"","overlay-opacity":"","overlay-gradient":""},"tablet":{"background-color":"var(--ast-global-color-4)","background-image":"","background-repeat":"repeat","background-position":"center center","background-size":"auto","background-attachment":"scroll","background-type":"","background-media":"","overlay-type":"","overlay-color":"","overlay-opacity":"","overlay-gradient":""},"mobile":{"background-color":"var(--ast-global-color-4)","background-image":"","background-repeat":"repeat","background-position":"center center","background-size":"auto","background-attachment":"scroll","background-type":"","background-media":"","overlay-type":"","overlay-color":"","overlay-opacity":"","overlay-gradient":""}},"footnotes":""},"class_list":["post-23721","page","type-page","status-publish","hentry"],"acf":[],"_links":{"self":[{"href":"https:\/\/pfold.tasklogy.sk\/sk\/wp-json\/wp\/v2\/pages\/23721","targetHints":{"allow":["GET"]}}],"collection":[{"href":"https:\/\/pfold.tasklogy.sk\/sk\/wp-json\/wp\/v2\/pages"}],"about":[{"href":"https:\/\/pfold.tasklogy.sk\/sk\/wp-json\/wp\/v2\/types\/page"}],"author":[{"embeddable":true,"href":"https:\/\/pfold.tasklogy.sk\/sk\/wp-json\/wp\/v2\/users\/5"}],"replies":[{"embeddable":true,"href":"https:\/\/pfold.tasklogy.sk\/sk\/wp-json\/wp\/v2\/comments?post=23721"}],"version-history":[{"count":13,"href":"https:\/\/pfold.tasklogy.sk\/sk\/wp-json\/wp\/v2\/pages\/23721\/revisions"}],"predecessor-version":[{"id":23788,"href":"https:\/\/pfold.tasklogy.sk\/sk\/wp-json\/wp\/v2\/pages\/23721\/revisions\/23788"}],"wp:attachment":[{"href":"https:\/\/pfold.tasklogy.sk\/sk\/wp-json\/wp\/v2\/media?parent=23721"}],"curies":[{"name":"wp","href":"https:\/\/api.w.org\/{rel}","templated":true}]}}