{"id":23580,"date":"2026-03-02T10:36:04","date_gmt":"2026-03-02T09:36:04","guid":{"rendered":"https:\/\/pfold.tasklogy.sk\/pre-investorov\/"},"modified":"2026-03-04T12:00:11","modified_gmt":"2026-03-04T11:00:11","slug":"pre-investorov","status":"publish","type":"page","link":"https:\/\/pfold.tasklogy.sk\/sk\/pre-investorov\/","title":{"rendered":"Pre investorov"},"content":{"rendered":"\t\t<div data-elementor-type=\"wp-page\" data-elementor-id=\"23580\" class=\"elementor elementor-23580 elementor-23533\" data-elementor-post-type=\"page\">\n\t\t\t\t<div class=\"elementor-element elementor-element-1cbfd2a e-flex e-con-boxed wpr-particle-no wpr-jarallax-no wpr-parallax-no e-con e-parent\" data-id=\"1cbfd2a\" data-element_type=\"container\" data-e-type=\"container\">\n\t\t\t\t\t<div class=\"e-con-inner\">\n\t\t\t\t\t<\/div>\n\t\t\t\t<\/div>\n\t\t<div class=\"elementor-element elementor-element-6ba8d202 e-flex e-con-boxed wpr-particle-no wpr-jarallax-no wpr-parallax-no e-con e-parent\" data-id=\"6ba8d202\" data-element_type=\"container\" data-e-type=\"container\" data-settings=\"{&quot;background_background&quot;:&quot;classic&quot;}\">\n\t\t\t\t\t<div class=\"e-con-inner\">\n\t\t<div class=\"elementor-element elementor-element-6c3881b2 e-con-full e-flex wpr-particle-no wpr-jarallax-no wpr-parallax-no e-con e-child\" data-id=\"6c3881b2\" data-element_type=\"container\" data-e-type=\"container\">\n\t\t<div class=\"elementor-element elementor-element-13fee557 e-con-full e-flex wpr-particle-no wpr-jarallax-no wpr-parallax-no e-con e-child\" data-id=\"13fee557\" data-element_type=\"container\" data-e-type=\"container\">\n\t\t\t\t<div class=\"elementor-element elementor-element-4b5f1306 elementor-widget elementor-widget-heading\" data-id=\"4b5f1306\" data-element_type=\"widget\" data-e-type=\"widget\" data-widget_type=\"heading.default\">\n\t\t\t\t\t<h1 class=\"elementor-heading-title elementor-size-default\">Kvart\u00e1lne konferencie pre investorov<\/h1>\t\t\t\t<\/div>\n\t\t\t\t<div class=\"elementor-element elementor-element-354db33d elementor-widget elementor-widget-text-editor\" data-id=\"354db33d\" data-element_type=\"widget\" data-e-type=\"widget\" id=\"conference-archive-text\" data-widget_type=\"text-editor.default\">\n\t\t\t\t\t\t\t\t\t<p>Penta Fund pravidelne organizuje online investi\u010dn\u00e9 konferencie pre obchodn\u00fdch partnerov a<br>investorov, ktor\u00fdch cie\u013eom je informova\u0165 o aktu\u00e1lnom finan\u010dnom a investi\u010dnom v\u00fdvoji fondu,<br>realizovan\u00fdch investi\u010dn\u00fdch aktivit\u00e1ch a strategickom smerovan\u00ed do \u010fal\u0161ieho obdobia.<\/p>\t\t\t\t\t\t\t\t<\/div>\n\t\t\t\t<div class=\"elementor-element elementor-element-38614042 elementor-widget elementor-widget-spacer\" data-id=\"38614042\" data-element_type=\"widget\" data-e-type=\"widget\" data-widget_type=\"spacer.default\">\n\t\t\t\t\t\t\t<div class=\"elementor-spacer\">\n\t\t\t<div class=\"elementor-spacer-inner\"><\/div>\n\t\t<\/div>\n\t\t\t\t\t\t<\/div>\n\t\t\t\t<div class=\"elementor-element elementor-element-555fe1be elementor-widget__width-inherit elementor-widget elementor-widget-shortcode\" data-id=\"555fe1be\" data-element_type=\"widget\" data-e-type=\"widget\" data-widget_type=\"shortcode.default\">\n\t\t\t\t\t\t\t<div class=\"elementor-shortcode\">\t<div class=\"rb-modules\">\n\t\t<a href=\"https:\/\/pfold.tasklogy.sk\/sk\/pre-investorov\/online-investicni-konference-pro-obchodni-partnery\/\" class=\"pf-featured-item\">\n\t\t\t<div class=\"pf-thumb\">\n\t\t\t\t\t\t\t\t\t<img fetchpriority=\"high\" decoding=\"async\" width=\"1024\" height=\"668\" src=\"https:\/\/pfold.tasklogy.sk\/wp-content\/uploads\/expanded_image_less_wide.jpg\" class=\"attachment-large size-large wp-post-image\" alt=\"\" \/>\t\t\t\t\t\t\t<\/div>\n\t\t\t<div class=\"pf-featured-item__content\">\n\t\t\t\t<h3 class=\"pf-title\">Online investi\u010dn\u00e1 konferencia pre obchodn\u00fdch partnerov<\/h3>\n\t\t\t\t<p class=\"pf-excerpt\">Na febru\u00e1rovej kvart\u00e1lnej investi\u010dnej konferencii Penta Fund sme predstavili finan\u010dn\u00fd ainvesti\u010dn\u00fd v\u00fdvoj fondu za rok 2025, preh\u013ead realizovan\u00fdch akviz\u00edci\u00ed a...<\/p>\n\t\t\t\t<span class=\"pf-date\">27 febru\u00e1ra, 2026<\/span>\n\t\t\t<\/div>\n\t\t<\/a>\n\t\t\n\t\t\t<\/div>\n\t<\/div>\n\t\t\t\t\t\t<\/div>\n\t\t\t\t<\/div>\n\t\t\t\t<\/div>\n\t\t\t\t\t<\/div>\n\t\t\t\t<\/div>\n\t\t\t\t<\/div>\n\t\t","protected":false},"excerpt":{"rendered":"<p>Kvart\u00e1lne konferencie pre investorov Penta Fund pravidelne organizuje online investi\u010dn\u00e9 konferencie pre obchodn\u00fdch partnerov ainvestorov, ktor\u00fdch cie\u013eom je informova\u0165 o aktu\u00e1lnom finan\u010dnom a investi\u010dnom v\u00fdvoji fondu,realizovan\u00fdch investi\u010dn\u00fdch aktivit\u00e1ch a strategickom smerovan\u00ed do \u010fal\u0161ieho obdobia.<\/p>\n","protected":false},"author":5,"featured_media":0,"parent":0,"menu_order":0,"comment_status":"closed","ping_status":"closed","template":"","meta":{"_acf_changed":false,"site-sidebar-layout":"no-sidebar","site-content-layout":"","ast-site-content-layout":"full-width-container","site-content-style":"default","site-sidebar-style":"default","ast-global-header-display":"","ast-banner-title-visibility":"","ast-main-header-display":"","ast-hfb-above-header-display":"","ast-hfb-below-header-display":"","ast-hfb-mobile-header-display":"","site-post-title":"disabled","ast-breadcrumbs-content":"","ast-featured-img":"disabled","footer-sml-layout":"","ast-disable-related-posts":"","theme-transparent-header-meta":"","adv-header-id-meta":"","stick-header-meta":"","header-above-stick-meta":"","header-main-stick-meta":"","header-below-stick-meta":"","astra-migrate-meta-layouts":"default","ast-page-background-enabled":"default","ast-page-background-meta":{"desktop":{"background-color":"var(--ast-global-color-5)","background-image":"","background-repeat":"repeat","background-position":"center center","background-size":"auto","background-attachment":"scroll","background-type":"","background-media":"","overlay-type":"","overlay-color":"","overlay-opacity":"","overlay-gradient":""},"tablet":{"background-color":"","background-image":"","background-repeat":"repeat","background-position":"center center","background-size":"auto","background-attachment":"scroll","background-type":"","background-media":"","overlay-type":"","overlay-color":"","overlay-opacity":"","overlay-gradient":""},"mobile":{"background-color":"","background-image":"","background-repeat":"repeat","background-position":"center center","background-size":"auto","background-attachment":"scroll","background-type":"","background-media":"","overlay-type":"","overlay-color":"","overlay-opacity":"","overlay-gradient":""}},"ast-content-background-meta":{"desktop":{"background-color":"var(--ast-global-color-4)","background-image":"","background-repeat":"repeat","background-position":"center center","background-size":"auto","background-attachment":"scroll","background-type":"","background-media":"","overlay-type":"","overlay-color":"","overlay-opacity":"","overlay-gradient":""},"tablet":{"background-color":"var(--ast-global-color-4)","background-image":"","background-repeat":"repeat","background-position":"center center","background-size":"auto","background-attachment":"scroll","background-type":"","background-media":"","overlay-type":"","overlay-color":"","overlay-opacity":"","overlay-gradient":""},"mobile":{"background-color":"var(--ast-global-color-4)","background-image":"","background-repeat":"repeat","background-position":"center center","background-size":"auto","background-attachment":"scroll","background-type":"","background-media":"","overlay-type":"","overlay-color":"","overlay-opacity":"","overlay-gradient":""}},"footnotes":""},"class_list":["post-23580","page","type-page","status-publish","hentry"],"acf":[],"_links":{"self":[{"href":"https:\/\/pfold.tasklogy.sk\/sk\/wp-json\/wp\/v2\/pages\/23580","targetHints":{"allow":["GET"]}}],"collection":[{"href":"https:\/\/pfold.tasklogy.sk\/sk\/wp-json\/wp\/v2\/pages"}],"about":[{"href":"https:\/\/pfold.tasklogy.sk\/sk\/wp-json\/wp\/v2\/types\/page"}],"author":[{"embeddable":true,"href":"https:\/\/pfold.tasklogy.sk\/sk\/wp-json\/wp\/v2\/users\/5"}],"replies":[{"embeddable":true,"href":"https:\/\/pfold.tasklogy.sk\/sk\/wp-json\/wp\/v2\/comments?post=23580"}],"version-history":[{"count":1,"href":"https:\/\/pfold.tasklogy.sk\/sk\/wp-json\/wp\/v2\/pages\/23580\/revisions"}],"predecessor-version":[{"id":23581,"href":"https:\/\/pfold.tasklogy.sk\/sk\/wp-json\/wp\/v2\/pages\/23580\/revisions\/23581"}],"wp:attachment":[{"href":"https:\/\/pfold.tasklogy.sk\/sk\/wp-json\/wp\/v2\/media?parent=23580"}],"curies":[{"name":"wp","href":"https:\/\/api.w.org\/{rel}","templated":true}]}}