{"id":19356,"date":"2025-06-26T13:40:16","date_gmt":"2025-06-26T11:40:16","guid":{"rendered":"https:\/\/pfold.tasklogy.sk\/?page_id=19356"},"modified":"2025-11-18T17:20:54","modified_gmt":"2025-11-18T16:20:54","slug":"investicny-disclaimer","status":"publish","type":"page","link":"https:\/\/pfold.tasklogy.sk\/sk\/investicny-disclaimer\/","title":{"rendered":"Investi\u010dn\u00fd disclaimer"},"content":{"rendered":"\t\t<div data-elementor-type=\"wp-page\" data-elementor-id=\"19356\" class=\"elementor elementor-19356\" data-elementor-post-type=\"page\">\n\t\t\t\t<div class=\"elementor-element elementor-element-9daa756 e-con-full elementor-hidden-mobile e-flex wpr-particle-no wpr-jarallax-no wpr-parallax-no e-con e-parent\" data-id=\"9daa756\" data-element_type=\"container\" data-e-type=\"container\" data-settings=\"{&quot;background_background&quot;:&quot;classic&quot;}\">\n\t\t<div class=\"elementor-element elementor-element-8e539bf e-con-full e-flex wpr-particle-no wpr-jarallax-no wpr-parallax-no e-con e-child\" data-id=\"8e539bf\" data-element_type=\"container\" data-e-type=\"container\">\n\t\t\t\t<div class=\"elementor-element elementor-element-a8c5e85 elementor-widget elementor-widget-heading\" data-id=\"a8c5e85\" data-element_type=\"widget\" data-e-type=\"widget\" data-widget_type=\"heading.default\">\n\t\t\t\t\t<h1 class=\"elementor-heading-title elementor-size-default\">Investi\u010dn\u00fd disclaimer<\/h1>\t\t\t\t<\/div>\n\t\t\t\t<div class=\"elementor-element elementor-element-08f6a02 elementor-widget elementor-widget-spacer\" data-id=\"08f6a02\" data-element_type=\"widget\" data-e-type=\"widget\" data-widget_type=\"spacer.default\">\n\t\t\t\t\t\t\t<div class=\"elementor-spacer\">\n\t\t\t<div class=\"elementor-spacer-inner\"><\/div>\n\t\t<\/div>\n\t\t\t\t\t\t<\/div>\n\t\t\t\t<div class=\"elementor-element elementor-element-d18e800 elementor-widget elementor-widget-text-editor\" data-id=\"d18e800\" data-element_type=\"widget\" data-e-type=\"widget\" data-widget_type=\"text-editor.default\">\n\t\t\t\t\t\t\t\t\tD\u00f4le\u017eit\u00e9 upozornenie pre n\u00e1v\u0161tevn\u00edkov webovej str\u00e1nky Penta Fund\t\t\t\t\t\t\t\t<\/div>\n\t\t\t\t<div class=\"elementor-element elementor-element-12ae03b elementor-widget elementor-widget-spacer\" data-id=\"12ae03b\" data-element_type=\"widget\" data-e-type=\"widget\" data-widget_type=\"spacer.default\">\n\t\t\t\t\t\t\t<div class=\"elementor-spacer\">\n\t\t\t<div class=\"elementor-spacer-inner\"><\/div>\n\t\t<\/div>\n\t\t\t\t\t\t<\/div>\n\t\t\t\t<div class=\"elementor-element elementor-element-7f8ebc0 elementor-widget elementor-widget-text-editor\" data-id=\"7f8ebc0\" data-element_type=\"widget\" data-e-type=\"widget\" data-widget_type=\"text-editor.default\">\n\t\t\t\t\t\t\t\t\tInform\u00e1cie a materi\u00e1ly obsiahnut\u00e9 v tejto \u010dasti webovej str\u00e1nky a na v\u0161etk\u00fdch ostatn\u00fdch webov\u00fdch str\u00e1nkach, na ktor\u00e9 sa odkazuje, t\u00fdkaj\u00face sa investi\u010dn\u00fdch n\u00e1strojov, s\u00fa ur\u010den\u00e9 v\u00fdlu\u010dne pre investorov, ktor\u00ed sp\u013a\u0148aj\u00fa tieto charakteristiky a predpoklady: maj\u00fa dostato\u010dn\u00e9 odborn\u00e9 znalosti a&nbsp;sk\u00fasenosti v\u00a0s\u00favislosti s investi\u010dn\u00fdmi n\u00e1strojmi fondov kolekt\u00edvneho investovania (podielov\u00e9 listy a investi\u010dn\u00e9 akcie), ktor\u00e9 zah\u0155\u0148aj\u00fa najm\u00e4 znalos\u0165 vlastnost\u00ed t\u00fdchto investi\u010dn\u00fdch n\u00e1strojov, riz\u00edk s nimi spojen\u00fdch a\u00a0predch\u00e1dzaj\u00face praktick\u00e9 sk\u00fasenosti s investovan\u00edm do t\u00fdchto investi\u010dn\u00fdch n\u00e1strojov (za posledn\u00fdch p\u00e4\u0165 rokov uskuto\u010dnili aspo\u0148 jeden obchod v s\u00favislosti s t\u00fdmito investi\u010dn\u00fdmi n\u00e1strojmi, pri\u010dom celkov\u00fd objem t\u00fdchto obchodov presiahol sumu 4 000 EUR), maj\u00fa dostato\u010dn\u00e9 finan\u010dn\u00e9 z\u00e1zemie na to, aby pr\u00edpadn\u00e1 100% strata zam\u00fd\u0161\u013eanej investovanej sumy nemala na t\u00fato osobu podstatn\u00fd vplyv z h\u013eadiska\njej finan\u010dnej stability, maj\u00fa v \u00famysle investova\u0165 finan\u010dn\u00e9 prostriedky do investi\u010dn\u00e9ho n\u00e1stroja najmenej p\u00e4\u0165 rokov, o\u010dak\u00e1vaj\u00fa vy\u0161\u0161ie zhodnotenie investovan\u00fdch finan\u010dn\u00fdch prostriedkov (ako pri tradi\u010dn\u00fdch vkladov\u00fdch produktoch), aj napriek riziku straty celej investovanej sumy, a s\u00fa si vedom\u00e9, \u017ee hodnota invest\u00edcie m\u00f4\u017ee v \u010dase kol\u00edsa\u0165 a \u017ee m\u00f4\u017eu pr\u00eds\u0165 o cel\u00fa invest\u00edciu, \u017ee historick\u00e9 v\u00fdnosy nie s\u00fa z\u00e1rukou bud\u00facich v\u00fdnosov a \u017ee invest\u00edcie do uveden\u00fdch investi\u010dn\u00fdch n\u00e1strojov nie s\u00fa kryt\u00e9 syst\u00e9mom poistenia vkladov.\t\t\t\t\t\t\t\t<\/div>\n\t\t\t\t<div class=\"elementor-element elementor-element-3539cf2 elementor-widget elementor-widget-spacer\" data-id=\"3539cf2\" data-element_type=\"widget\" data-e-type=\"widget\" data-widget_type=\"spacer.default\">\n\t\t\t\t\t\t\t<div class=\"elementor-spacer\">\n\t\t\t<div class=\"elementor-spacer-inner\"><\/div>\n\t\t<\/div>\n\t\t\t\t\t\t<\/div>\n\t\t\t\t<div class=\"elementor-element elementor-element-2685995 elementor-widget elementor-widget-text-editor\" data-id=\"2685995\" data-element_type=\"widget\" data-e-type=\"widget\" data-widget_type=\"text-editor.default\">\n\t\t\t\t\t\t\t\t\tSpolo\u010dnos\u0165 Penta Funds Management s.r.o. upozor\u0148uje, \u017ee najspo\u013eahlivej\u0161\u00edm sp\u00f4sobom, ako pos\u00fadi\u0165 splnenie uveden\u00fdch podmienok, je vyplnenie a vyhodnotenie investi\u010dn\u00e9ho dotazn\u00edka, ktor\u00fd m\u00f4\u017ee spolo\u010dnos\u0165 Penta Funds Management poskytn\u00fa\u0165 ka\u017ed\u00e9mu potenci\u00e1lnemu investorovi.\t\t\t\t\t\t\t\t<\/div>\n\t\t\t\t<div class=\"elementor-element elementor-element-f758056 elementor-widget elementor-widget-spacer\" data-id=\"f758056\" data-element_type=\"widget\" data-e-type=\"widget\" data-widget_type=\"spacer.default\">\n\t\t\t\t\t\t\t<div class=\"elementor-spacer\">\n\t\t\t<div class=\"elementor-spacer-inner\"><\/div>\n\t\t<\/div>\n\t\t\t\t\t\t<\/div>\n\t\t\t\t<div class=\"elementor-element elementor-element-005f632 elementor-widget elementor-widget-text-editor\" data-id=\"005f632\" data-element_type=\"widget\" data-e-type=\"widget\" data-widget_type=\"text-editor.default\">\n\t\t\t\t\t\t\t\t\tKliknut\u00edm na uveden\u00fa mo\u017enos\u0165 \u201eS\u00fahlas\u00edm\u201c potvrdzujem, \u017ee:\t\t\t\t\t\t\t\t<\/div>\n\t\t\t\t<div class=\"elementor-element elementor-element-d405f2a elementor-widget elementor-widget-text-editor\" data-id=\"d405f2a\" data-element_type=\"widget\" data-e-type=\"widget\" data-widget_type=\"text-editor.default\">\n\t\t\t\t\t\t\t\t\t<ul><li>Uveden\u00e9 inform\u00e1cie som si pre\u010d\u00edtal(a) a porozumel(a) som im,<\/li><li>Som osoba, ktor\u00e1 sp\u013a\u0148a vy\u0161\u0161ie uveden\u00e9 charakteristiky,<\/li><li>T\u00fato webov\u00fa str\u00e1nku nav\u0161t\u00edvim len vtedy, ak sp\u013a\u0148am vy\u0161\u0161ie uveden\u00e9 charakteristiky kvalifikovan\u00e9ho investora,<\/li><li>Na t\u00fato webov\u00fa str\u00e1nku pristupujem s\u00e1m za seba a jej obsah nebudem poskytova\u0165 in\u00fdm osob\u00e1m,<\/li><li>Odpoved\u00e1m pravdivo a nie podvodne, na \u010do sa m\u00f4\u017ee Penta Funds Management, s.r.o. spo\u013eahn\u00fa\u0165.<\/li><\/ul>\t\t\t\t\t\t\t\t<\/div>\n\t\t\t\t<div class=\"elementor-element elementor-element-5145f3a elementor-widget elementor-widget-text-editor\" data-id=\"5145f3a\" data-element_type=\"widget\" data-e-type=\"widget\" data-widget_type=\"text-editor.default\">\n\t\t\t\t\t\t\t\t\tV opa\u010dnom pr\u00edpade kliknite na mo\u017enos\u0165 \u201eNes\u00fahlas\u00edm\u201c alebo zatvorte pr\u00edslu\u0161n\u00e9 okno prehliada\u010da tejto webovej str\u00e1nky.\t\t\t\t\t\t\t\t<\/div>\n\t\t\t\t<\/div>\n\t\t\t\t<\/div>\n\t\t<div class=\"elementor-element elementor-element-bf29452 e-con-full elementor-hidden-desktop elementor-hidden-tablet e-flex wpr-particle-no wpr-jarallax-no wpr-parallax-no e-con e-parent\" data-id=\"bf29452\" data-element_type=\"container\" data-e-type=\"container\" data-settings=\"{&quot;background_background&quot;:&quot;classic&quot;}\">\n\t\t<div class=\"elementor-element elementor-element-120fb04 e-con-full e-flex wpr-particle-no wpr-jarallax-no wpr-parallax-no e-con e-child\" data-id=\"120fb04\" data-element_type=\"container\" data-e-type=\"container\">\n\t\t\t\t<div class=\"elementor-element elementor-element-f160a0b elementor-widget elementor-widget-heading\" data-id=\"f160a0b\" data-element_type=\"widget\" data-e-type=\"widget\" data-widget_type=\"heading.default\">\n\t\t\t\t\t<h1 class=\"elementor-heading-title elementor-size-default\">Investi\u010dn\u00fd\ndisclaimer<\/h1>\t\t\t\t<\/div>\n\t\t\t\t<div class=\"elementor-element elementor-element-83dba4c elementor-widget elementor-widget-spacer\" data-id=\"83dba4c\" data-element_type=\"widget\" data-e-type=\"widget\" data-widget_type=\"spacer.default\">\n\t\t\t\t\t\t\t<div class=\"elementor-spacer\">\n\t\t\t<div class=\"elementor-spacer-inner\"><\/div>\n\t\t<\/div>\n\t\t\t\t\t\t<\/div>\n\t\t\t\t<div class=\"elementor-element elementor-element-562dce4 elementor-widget elementor-widget-text-editor\" data-id=\"562dce4\" data-element_type=\"widget\" data-e-type=\"widget\" data-widget_type=\"text-editor.default\">\n\t\t\t\t\t\t\t\t\tD\u00f4le\u017eit\u00e9 upozornenie pre n\u00e1v\u0161tevn\u00edkov webovej&nbsp;str\u00e1nky Penta Fund\t\t\t\t\t\t\t\t<\/div>\n\t\t\t\t<div class=\"elementor-element elementor-element-a1eed6e elementor-widget elementor-widget-spacer\" data-id=\"a1eed6e\" data-element_type=\"widget\" data-e-type=\"widget\" data-widget_type=\"spacer.default\">\n\t\t\t\t\t\t\t<div class=\"elementor-spacer\">\n\t\t\t<div class=\"elementor-spacer-inner\"><\/div>\n\t\t<\/div>\n\t\t\t\t\t\t<\/div>\n\t\t\t\t<div class=\"elementor-element elementor-element-e7fb73b elementor-widget elementor-widget-text-editor\" data-id=\"e7fb73b\" data-element_type=\"widget\" data-e-type=\"widget\" data-widget_type=\"text-editor.default\">\n\t\t\t\t\t\t\t\t\tInform\u00e1cie a materi\u00e1ly obsiahnut\u00e9 v tejto \u010dasti webovej str\u00e1nky a na v\u0161etk\u00fdch ostatn\u00fdch webov\u00fdch str\u00e1nkach, na ktor\u00e9 sa odkazuje, t\u00fdkaj\u00face sa investi\u010dn\u00fdch n\u00e1strojov, s\u00fa ur\u010den\u00e9 v\u00fdlu\u010dne pre investorov, ktor\u00ed sp\u013a\u0148aj\u00fa tieto charakteristiky a&nbsp;predpoklady: maj\u00fa dostato\u010dn\u00e9 odborn\u00e9 znalosti a\u00a0sk\u00fasenosti v\u00a0s\u00favislosti s\u00a0investi\u010dn\u00fdmi n\u00e1strojmi fondov kolekt\u00edvneho investovania (podielov\u00e9 listy a&nbsp;investi\u010dn\u00e9 akcie), ktor\u00e9 zah\u0155\u0148aj\u00fa najm\u00e4 znalos\u0165 vlastnost\u00ed t\u00fdchto investi\u010dn\u00fdch n\u00e1strojov, riz\u00edk s nimi spojen\u00fdch a\u00a0predch\u00e1dzaj\u00face praktick\u00e9 sk\u00fasenosti s&nbsp;investovan\u00edm do t\u00fdchto investi\u010dn\u00fdch n\u00e1strojov (za&nbsp;posledn\u00fdch p\u00e4\u0165 rokov uskuto\u010dnili aspo\u0148 jeden obchod v s\u00favislosti s\u00a0t\u00fdmito investi\u010dn\u00fdmi n\u00e1strojmi, pri\u010dom celkov\u00fd objem t\u00fdchto obchodov presiahol sumu 4 000 EUR), maj\u00fa dostato\u010dn\u00e9 finan\u010dn\u00e9 z\u00e1zemie na to, aby pr\u00edpadn\u00e1 100% strata zam\u00fd\u0161\u013eanej investovanej sumy nemala na t\u00fato osobu podstatn\u00fd vplyv z h\u013eadiska jej finan\u010dnej stability, maj\u00fa v \u00famysle investova\u0165 finan\u010dn\u00e9 prostriedky do investi\u010dn\u00e9ho n\u00e1stroja najmenej p\u00e4\u0165 rokov, o\u010dak\u00e1vaj\u00fa vy\u0161\u0161ie zhodnotenie investovan\u00fdch finan\u010dn\u00fdch prostriedkov (ako pri tradi\u010dn\u00fdch vkladov\u00fdch produktoch), aj napriek riziku straty celej investovanej sumy, a s\u00fa si vedom\u00e9, \u017ee hodnota invest\u00edcie m\u00f4\u017ee v \u010dase kol\u00edsa\u0165 a \u017ee m\u00f4\u017eu pr\u00eds\u0165 o\u00a0cel\u00fa invest\u00edciu, \u017ee historick\u00e9 v\u00fdnosy nie s\u00fa z\u00e1rukou bud\u00facich v\u00fdnosov a \u017ee invest\u00edcie do uveden\u00fdch investi\u010dn\u00fdch n\u00e1strojov nie s\u00fa kryt\u00e9 syst\u00e9mom poistenia vkladov.\t\t\t\t\t\t\t\t<\/div>\n\t\t\t\t<div class=\"elementor-element elementor-element-3895dcb elementor-widget elementor-widget-spacer\" data-id=\"3895dcb\" data-element_type=\"widget\" data-e-type=\"widget\" data-widget_type=\"spacer.default\">\n\t\t\t\t\t\t\t<div class=\"elementor-spacer\">\n\t\t\t<div class=\"elementor-spacer-inner\"><\/div>\n\t\t<\/div>\n\t\t\t\t\t\t<\/div>\n\t\t\t\t<div class=\"elementor-element elementor-element-9f44128 elementor-widget elementor-widget-text-editor\" data-id=\"9f44128\" data-element_type=\"widget\" data-e-type=\"widget\" data-widget_type=\"text-editor.default\">\n\t\t\t\t\t\t\t\t\tSpolo\u010dnos\u0165 Penta Funds Management s.r.o. upozor\u0148uje, \u017ee najspo\u013eahlivej\u0161\u00edm sp\u00f4sobom, ako&nbsp;pos\u00fadi\u0165 splnenie uveden\u00fdch podmienok, je&nbsp;vyplnenie a vyhodnotenie investi\u010dn\u00e9ho dotazn\u00edka, ktor\u00fd m\u00f4\u017ee spolo\u010dnos\u0165 Penta Funds Management poskytn\u00fa\u0165 ka\u017ed\u00e9mu potenci\u00e1lnemu investorovi.\t\t\t\t\t\t\t\t<\/div>\n\t\t\t\t<div class=\"elementor-element elementor-element-936ffc6 elementor-widget elementor-widget-spacer\" data-id=\"936ffc6\" data-element_type=\"widget\" data-e-type=\"widget\" data-widget_type=\"spacer.default\">\n\t\t\t\t\t\t\t<div class=\"elementor-spacer\">\n\t\t\t<div class=\"elementor-spacer-inner\"><\/div>\n\t\t<\/div>\n\t\t\t\t\t\t<\/div>\n\t\t\t\t<div class=\"elementor-element elementor-element-756f52f elementor-widget elementor-widget-text-editor\" data-id=\"756f52f\" data-element_type=\"widget\" data-e-type=\"widget\" data-widget_type=\"text-editor.default\">\n\t\t\t\t\t\t\t\t\tKliknut\u00edm na uveden\u00fa mo\u017enos\u0165 \u201eS\u00fahlas\u00edm\u201c potvrdzujem, \u017ee:\t\t\t\t\t\t\t\t<\/div>\n\t\t\t\t<div class=\"elementor-element elementor-element-0ad38dd elementor-widget elementor-widget-text-editor\" data-id=\"0ad38dd\" data-element_type=\"widget\" data-e-type=\"widget\" data-widget_type=\"text-editor.default\">\n\t\t\t\t\t\t\t\t\t<ul>\n \t<li>Uveden\u00e9 inform\u00e1cie som si pre\u010d\u00edtal(a) a\u00a0porozumel(a) som im,<\/li>\n \t<li>Som osoba, ktor\u00e1 sp\u013a\u0148a vy\u0161\u0161ie uveden\u00e9 charakteristiky,<\/li>\n \t<li>T\u00fato webov\u00fa str\u00e1nku nav\u0161t\u00edvim len vtedy, ak&nbsp;sp\u013a\u0148am vy\u0161\u0161ie uveden\u00e9 charakteristiky kvalifikovan\u00e9ho investora,<\/li>\n \t<li>Na t\u00fato webov\u00fa str\u00e1nku pristupujem s\u00e1m za&nbsp;seba a jej obsah nebudem poskytova\u0165 in\u00fdm osob\u00e1m,<\/li>\n \t<li>Odpoved\u00e1m pravdivo a nie podvodne, na\u00a0\u010do&nbsp;sa m\u00f4\u017ee Penta Funds Management, s.r.o. spo\u013eahn\u00fa\u0165.<\/li>\n<\/ul>\t\t\t\t\t\t\t\t<\/div>\n\t\t\t\t<div class=\"elementor-element elementor-element-1e4e46c elementor-widget elementor-widget-text-editor\" data-id=\"1e4e46c\" data-element_type=\"widget\" data-e-type=\"widget\" data-widget_type=\"text-editor.default\">\n\t\t\t\t\t\t\t\t\tV opa\u010dnom pr\u00edpade kliknite na mo\u017enos\u0165 \u201eNes\u00fahlas\u00edm\u201c alebo zatvorte pr\u00edslu\u0161n\u00e9 okno prehliada\u010da tejto webovej str\u00e1nky.\t\t\t\t\t\t\t\t<\/div>\n\t\t\t\t<\/div>\n\t\t\t\t<\/div>\n\t\t\t\t<\/div>\n\t\t","protected":false},"excerpt":{"rendered":"<p>Investi\u010dn\u00fd disclaimer D\u00f4le\u017eit\u00e9 upozornenie pre n\u00e1v\u0161tevn\u00edkov webovej str\u00e1nky Penta Fund Inform\u00e1cie a materi\u00e1ly obsiahnut\u00e9 v tejto \u010dasti webovej str\u00e1nky a na v\u0161etk\u00fdch ostatn\u00fdch webov\u00fdch str\u00e1nkach, na ktor\u00e9 sa odkazuje, t\u00fdkaj\u00face sa investi\u010dn\u00fdch n\u00e1strojov, s\u00fa ur\u010den\u00e9 v\u00fdlu\u010dne pre investorov, ktor\u00ed sp\u013a\u0148aj\u00fa tieto charakteristiky a predpoklady: maj\u00fa dostato\u010dn\u00e9 odborn\u00e9 znalosti a&nbsp;sk\u00fasenosti v\u00a0s\u00favislosti s investi\u010dn\u00fdmi n\u00e1strojmi fondov kolekt\u00edvneho investovania (podielov\u00e9 listy a investi\u010dn\u00e9 akcie), ktor\u00e9 zah\u0155\u0148aj\u00fa najm\u00e4 znalos\u0165 vlastnost\u00ed t\u00fdchto investi\u010dn\u00fdch n\u00e1strojov, riz\u00edk s nimi spojen\u00fdch a\u00a0predch\u00e1dzaj\u00face praktick\u00e9 sk\u00fasenosti s investovan\u00edm do t\u00fdchto investi\u010dn\u00fdch n\u00e1strojov (za posledn\u00fdch p\u00e4\u0165 rokov uskuto\u010dnili aspo\u0148 jeden obchod v s\u00favislosti s t\u00fdmito investi\u010dn\u00fdmi n\u00e1strojmi, pri\u010dom celkov\u00fd objem t\u00fdchto obchodov presiahol sumu 4 000 EUR), maj\u00fa dostato\u010dn\u00e9 finan\u010dn\u00e9 z\u00e1zemie na to, aby pr\u00edpadn\u00e1 100% strata zam\u00fd\u0161\u013eanej investovanej sumy nemala na t\u00fato osobu podstatn\u00fd vplyv z h\u013eadiska jej finan\u010dnej stability, maj\u00fa v \u00famysle investova\u0165 finan\u010dn\u00e9 prostriedky do investi\u010dn\u00e9ho n\u00e1stroja najmenej p\u00e4\u0165 rokov, o\u010dak\u00e1vaj\u00fa vy\u0161\u0161ie zhodnotenie investovan\u00fdch finan\u010dn\u00fdch prostriedkov (ako pri tradi\u010dn\u00fdch vkladov\u00fdch produktoch), aj napriek riziku straty celej investovanej sumy, a s\u00fa si vedom\u00e9, \u017ee hodnota invest\u00edcie m\u00f4\u017ee v \u010dase kol\u00edsa\u0165 a \u017ee m\u00f4\u017eu pr\u00eds\u0165 o cel\u00fa invest\u00edciu, \u017ee historick\u00e9 v\u00fdnosy nie s\u00fa z\u00e1rukou bud\u00facich v\u00fdnosov a \u017ee invest\u00edcie do uveden\u00fdch investi\u010dn\u00fdch n\u00e1strojov nie s\u00fa kryt\u00e9 syst\u00e9mom poistenia vkladov. Spolo\u010dnos\u0165 Penta Funds Management s.r.o. upozor\u0148uje, \u017ee najspo\u013eahlivej\u0161\u00edm sp\u00f4sobom, ako pos\u00fadi\u0165 splnenie uveden\u00fdch podmienok, je vyplnenie a vyhodnotenie investi\u010dn\u00e9ho dotazn\u00edka, ktor\u00fd m\u00f4\u017ee spolo\u010dnos\u0165 Penta Funds Management poskytn\u00fa\u0165 ka\u017ed\u00e9mu potenci\u00e1lnemu investorovi. Kliknut\u00edm na uveden\u00fa mo\u017enos\u0165 \u201eS\u00fahlas\u00edm\u201c potvrdzujem, \u017ee: Uveden\u00e9 inform\u00e1cie som si pre\u010d\u00edtal(a) a porozumel(a) som im, Som osoba, ktor\u00e1 sp\u013a\u0148a vy\u0161\u0161ie uveden\u00e9 charakteristiky, T\u00fato webov\u00fa str\u00e1nku nav\u0161t\u00edvim len vtedy, ak sp\u013a\u0148am vy\u0161\u0161ie uveden\u00e9 charakteristiky kvalifikovan\u00e9ho investora, Na t\u00fato webov\u00fa str\u00e1nku pristupujem s\u00e1m za seba a jej obsah nebudem poskytova\u0165 in\u00fdm osob\u00e1m, Odpoved\u00e1m pravdivo a nie podvodne, na \u010do sa m\u00f4\u017ee Penta Funds Management, s.r.o. spo\u013eahn\u00fa\u0165. V opa\u010dnom pr\u00edpade kliknite na mo\u017enos\u0165 \u201eNes\u00fahlas\u00edm\u201c alebo zatvorte pr\u00edslu\u0161n\u00e9 okno prehliada\u010da tejto webovej str\u00e1nky. Investi\u010dn\u00fd disclaimer D\u00f4le\u017eit\u00e9 upozornenie pre n\u00e1v\u0161tevn\u00edkov webovej&nbsp;str\u00e1nky Penta Fund Inform\u00e1cie a materi\u00e1ly obsiahnut\u00e9 v tejto \u010dasti webovej str\u00e1nky a na v\u0161etk\u00fdch ostatn\u00fdch webov\u00fdch str\u00e1nkach, na ktor\u00e9 sa odkazuje, t\u00fdkaj\u00face sa investi\u010dn\u00fdch n\u00e1strojov, s\u00fa ur\u010den\u00e9 v\u00fdlu\u010dne pre investorov, ktor\u00ed sp\u013a\u0148aj\u00fa tieto charakteristiky a&nbsp;predpoklady: maj\u00fa dostato\u010dn\u00e9 odborn\u00e9 znalosti a\u00a0sk\u00fasenosti v\u00a0s\u00favislosti s\u00a0investi\u010dn\u00fdmi n\u00e1strojmi fondov kolekt\u00edvneho investovania (podielov\u00e9 listy a&nbsp;investi\u010dn\u00e9 akcie), ktor\u00e9 zah\u0155\u0148aj\u00fa najm\u00e4 znalos\u0165 vlastnost\u00ed t\u00fdchto investi\u010dn\u00fdch n\u00e1strojov, riz\u00edk s nimi spojen\u00fdch a\u00a0predch\u00e1dzaj\u00face praktick\u00e9 sk\u00fasenosti s&nbsp;investovan\u00edm do t\u00fdchto investi\u010dn\u00fdch n\u00e1strojov (za&nbsp;posledn\u00fdch p\u00e4\u0165 rokov uskuto\u010dnili aspo\u0148 jeden obchod v s\u00favislosti s\u00a0t\u00fdmito investi\u010dn\u00fdmi n\u00e1strojmi, pri\u010dom celkov\u00fd objem t\u00fdchto obchodov presiahol sumu 4 000 EUR), maj\u00fa dostato\u010dn\u00e9 finan\u010dn\u00e9 z\u00e1zemie na to, aby pr\u00edpadn\u00e1 100% strata zam\u00fd\u0161\u013eanej investovanej sumy nemala na t\u00fato osobu podstatn\u00fd vplyv z h\u013eadiska jej finan\u010dnej stability, maj\u00fa v \u00famysle investova\u0165 finan\u010dn\u00e9 prostriedky do investi\u010dn\u00e9ho n\u00e1stroja najmenej p\u00e4\u0165 rokov, o\u010dak\u00e1vaj\u00fa vy\u0161\u0161ie zhodnotenie investovan\u00fdch finan\u010dn\u00fdch prostriedkov (ako pri tradi\u010dn\u00fdch vkladov\u00fdch produktoch), aj napriek riziku straty celej investovanej sumy, a s\u00fa si vedom\u00e9, \u017ee hodnota invest\u00edcie m\u00f4\u017ee v \u010dase kol\u00edsa\u0165 a \u017ee m\u00f4\u017eu pr\u00eds\u0165 o\u00a0cel\u00fa invest\u00edciu, \u017ee historick\u00e9 v\u00fdnosy nie s\u00fa z\u00e1rukou bud\u00facich v\u00fdnosov a \u017ee invest\u00edcie do uveden\u00fdch investi\u010dn\u00fdch n\u00e1strojov nie s\u00fa kryt\u00e9 syst\u00e9mom poistenia vkladov. Spolo\u010dnos\u0165 Penta Funds Management s.r.o. upozor\u0148uje, \u017ee najspo\u013eahlivej\u0161\u00edm sp\u00f4sobom, ako&nbsp;pos\u00fadi\u0165 splnenie uveden\u00fdch podmienok, je&nbsp;vyplnenie a vyhodnotenie investi\u010dn\u00e9ho dotazn\u00edka, ktor\u00fd m\u00f4\u017ee spolo\u010dnos\u0165 Penta Funds Management poskytn\u00fa\u0165 ka\u017ed\u00e9mu potenci\u00e1lnemu investorovi. Kliknut\u00edm na uveden\u00fa mo\u017enos\u0165 \u201eS\u00fahlas\u00edm\u201c potvrdzujem, \u017ee: Uveden\u00e9 inform\u00e1cie som si pre\u010d\u00edtal(a) a\u00a0porozumel(a) som im, Som osoba, ktor\u00e1 sp\u013a\u0148a vy\u0161\u0161ie uveden\u00e9 charakteristiky, T\u00fato webov\u00fa str\u00e1nku nav\u0161t\u00edvim len vtedy, ak&nbsp;sp\u013a\u0148am vy\u0161\u0161ie uveden\u00e9 charakteristiky kvalifikovan\u00e9ho investora, Na t\u00fato webov\u00fa str\u00e1nku pristupujem s\u00e1m za&nbsp;seba a jej obsah nebudem poskytova\u0165 in\u00fdm osob\u00e1m, Odpoved\u00e1m pravdivo a nie podvodne, na\u00a0\u010do&nbsp;sa m\u00f4\u017ee Penta Funds Management, s.r.o. spo\u013eahn\u00fa\u0165. V opa\u010dnom pr\u00edpade kliknite na mo\u017enos\u0165 \u201eNes\u00fahlas\u00edm\u201c alebo zatvorte pr\u00edslu\u0161n\u00e9 okno prehliada\u010da tejto webovej str\u00e1nky.<\/p>\n","protected":false},"author":5,"featured_media":0,"parent":0,"menu_order":9,"comment_status":"closed","ping_status":"closed","template":"","meta":{"_acf_changed":false,"site-sidebar-layout":"default","site-content-layout":"","ast-site-content-layout":"","site-content-style":"default","site-sidebar-style":"default","ast-global-header-display":"","ast-banner-title-visibility":"","ast-main-header-display":"","ast-hfb-above-header-display":"","ast-hfb-below-header-display":"","ast-hfb-mobile-header-display":"","site-post-title":"","ast-breadcrumbs-content":"","ast-featured-img":"","footer-sml-layout":"","ast-disable-related-posts":"","theme-transparent-header-meta":"","adv-header-id-meta":"","stick-header-meta":"","header-above-stick-meta":"","header-main-stick-meta":"","header-below-stick-meta":"","astra-migrate-meta-layouts":"default","ast-page-background-enabled":"default","ast-page-background-meta":{"desktop":{"background-color":"var(--ast-global-color-5)","background-image":"","background-repeat":"repeat","background-position":"center center","background-size":"auto","background-attachment":"scroll","background-type":"","background-media":"","overlay-type":"","overlay-color":"","overlay-opacity":"","overlay-gradient":""},"tablet":{"background-color":"","background-image":"","background-repeat":"repeat","background-position":"center center","background-size":"auto","background-attachment":"scroll","background-type":"","background-media":"","overlay-type":"","overlay-color":"","overlay-opacity":"","overlay-gradient":""},"mobile":{"background-color":"","background-image":"","background-repeat":"repeat","background-position":"center center","background-size":"auto","background-attachment":"scroll","background-type":"","background-media":"","overlay-type":"","overlay-color":"","overlay-opacity":"","overlay-gradient":""}},"ast-content-background-meta":{"desktop":{"background-color":"var(--ast-global-color-4)","background-image":"","background-repeat":"repeat","background-position":"center center","background-size":"auto","background-attachment":"scroll","background-type":"","background-media":"","overlay-type":"","overlay-color":"","overlay-opacity":"","overlay-gradient":""},"tablet":{"background-color":"var(--ast-global-color-4)","background-image":"","background-repeat":"repeat","background-position":"center center","background-size":"auto","background-attachment":"scroll","background-type":"","background-media":"","overlay-type":"","overlay-color":"","overlay-opacity":"","overlay-gradient":""},"mobile":{"background-color":"var(--ast-global-color-4)","background-image":"","background-repeat":"repeat","background-position":"center center","background-size":"auto","background-attachment":"scroll","background-type":"","background-media":"","overlay-type":"","overlay-color":"","overlay-opacity":"","overlay-gradient":""}},"footnotes":""},"class_list":["post-19356","page","type-page","status-publish","hentry"],"acf":[],"_links":{"self":[{"href":"https:\/\/pfold.tasklogy.sk\/sk\/wp-json\/wp\/v2\/pages\/19356","targetHints":{"allow":["GET"]}}],"collection":[{"href":"https:\/\/pfold.tasklogy.sk\/sk\/wp-json\/wp\/v2\/pages"}],"about":[{"href":"https:\/\/pfold.tasklogy.sk\/sk\/wp-json\/wp\/v2\/types\/page"}],"author":[{"embeddable":true,"href":"https:\/\/pfold.tasklogy.sk\/sk\/wp-json\/wp\/v2\/users\/5"}],"replies":[{"embeddable":true,"href":"https:\/\/pfold.tasklogy.sk\/sk\/wp-json\/wp\/v2\/comments?post=19356"}],"version-history":[{"count":5,"href":"https:\/\/pfold.tasklogy.sk\/sk\/wp-json\/wp\/v2\/pages\/19356\/revisions"}],"predecessor-version":[{"id":22789,"href":"https:\/\/pfold.tasklogy.sk\/sk\/wp-json\/wp\/v2\/pages\/19356\/revisions\/22789"}],"wp:attachment":[{"href":"https:\/\/pfold.tasklogy.sk\/sk\/wp-json\/wp\/v2\/media?parent=19356"}],"curies":[{"name":"wp","href":"https:\/\/api.w.org\/{rel}","templated":true}]}}